{"id":8495,"date":"2024-05-10T12:18:32","date_gmt":"2024-05-10T09:18:32","guid":{"rendered":"https:\/\/favorit.bg\/accommodation\/"},"modified":"2025-05-28T20:56:36","modified_gmt":"2025-05-28T17:56:36","slug":"cazare","status":"publish","type":"page","link":"https:\/\/favorit.bg\/ro\/cazare\/","title":{"rendered":"Cazare"},"content":{"rendered":"\t\t<div data-elementor-type=\"wp-page\" data-elementor-id=\"8495\" class=\"elementor elementor-8495 elementor-6156\">\n\t\t\t\t\t\t<section class=\"elementor-section elementor-top-section elementor-element elementor-element-deef6cf elementor-section-boxed elementor-section-gap-beside-yes elementor-section-height-default elementor-section-height-default elementor-section-column-vertical-align-stretch\" data-id=\"deef6cf\" data-element_type=\"section\" data-e-type=\"section\">\n\t\t\t\t\t\t<div class=\"elementor-container elementor-column-gap-extended\">\n\t\t\t\t\t<div class=\"elementor-column elementor-col-100 elementor-top-column elementor-element elementor-element-3a55d0d\" data-id=\"3a55d0d\" data-element_type=\"column\" data-e-type=\"column\">\n\t\t\t<div class=\"elementor-widget-wrap elementor-element-populated\">\n\t\t\t\t\t\t<section class=\"elementor-section elementor-inner-section elementor-element elementor-element-13f7f1b elementor-section-content-middle elementor-section-boxed elementor-section-height-default elementor-section-height-default elementor-section-column-vertical-align-stretch\" data-id=\"13f7f1b\" data-element_type=\"section\" data-e-type=\"section\">\n\t\t\t\t\t\t<div class=\"elementor-container elementor-column-gap-no\">\n\t\t\t\t\t<div class=\"elementor-column elementor-col-50 elementor-inner-column elementor-element elementor-element-841133d\" data-id=\"841133d\" data-element_type=\"column\" data-e-type=\"column\">\n\t\t\t<div class=\"elementor-widget-wrap elementor-element-populated\">\n\t\t\t\t\t\t<div class=\"elementor-element elementor-element-a704493 elementor-invisible elementor-widget elementor-widget-nuss-heading\" data-id=\"a704493\" data-element_type=\"widget\" data-e-type=\"widget\" data-settings=\"{&quot;_animation&quot;:&quot;nussFadeInUp&quot;}\" data-widget_type=\"nuss-heading.default\">\n\t\t\t\t<div class=\"elementor-widget-container\">\n\t\t\t\t\t\t\t<div class=\"nuss-modern-heading\">\r\n\t\t\t\t\t\t<div class=\"heading-secondary-wrap\">\r\n\t\t\t\t<span class=\"heading-secondary elementor-heading-title\">Explora<\/span>\t\t\t<\/div>\r\n\t\t\r\n\t\t\t\t\t\t<div class=\"heading-primary-wrap\">\r\n\t\t\t\t<h3 class=\"heading-primary elementor-heading-title\">Camere \u0219i Apartamente<\/h3>\t\t\t<\/div>\r\n\t\t\r\n\t\t\t\r\n\t\t\t\t\t<\/div>\r\n\t\t\t\t\t<\/div>\n\t\t\t\t<\/div>\n\t\t\t\t\t<\/div>\n\t\t<\/div>\n\t\t\t\t<div class=\"elementor-column elementor-col-50 elementor-inner-column elementor-element elementor-element-07aab80\" data-id=\"07aab80\" data-element_type=\"column\" data-e-type=\"column\">\n\t\t\t<div class=\"elementor-widget-wrap elementor-element-populated\">\n\t\t\t\t\t\t<div class=\"elementor-element elementor-element-c1c7026 elementor-widget__width-initial elementor-widget-tablet__width-inherit elementor-invisible elementor-widget elementor-widget-text-editor\" data-id=\"c1c7026\" data-element_type=\"widget\" data-e-type=\"widget\" data-settings=\"{&quot;_animation&quot;:&quot;nussFadeInUp&quot;}\" data-widget_type=\"text-editor.default\">\n\t\t\t\t<div class=\"elementor-widget-container\">\n\t\t\t\t\t\t\t\t\t<p>Hotelul nostru ofer\u0103 <strong>4<\/strong> apartamente Deluxe, <strong>4<\/strong> camere Deluxe, <strong>10<\/strong> apartamente standard cu un dormitor, apartament standard cu dou\u0103 dormitoare, <strong>4<\/strong> camere standard \u0219i <strong>3<\/strong> garsoniere la toate cele <strong>26 <\/strong>de camere de cazare.<\/p>\t\t\t\t\t\t\t\t<\/div>\n\t\t\t\t<\/div>\n\t\t\t\t\t<\/div>\n\t\t<\/div>\n\t\t\t\t\t<\/div>\n\t\t<\/section>\n\t\t\t\t<div class=\"elementor-element elementor-element-d5572c1 elementor-widget elementor-widget-shortcode\" data-id=\"d5572c1\" data-element_type=\"widget\" data-e-type=\"widget\" data-widget_type=\"shortcode.default\">\n\t\t\t\t<div class=\"elementor-widget-container\">\n\t\t\t\t\t\t\t<div class=\"elementor-shortcode\"><\/div>\n\t\t\t\t\t\t<\/div>\n\t\t\t\t<\/div>\n\t\t\t\t\t<\/div>\n\t\t<\/div>\n\t\t\t\t\t<\/div>\n\t\t<\/section>\n\t\t<div class=\"elementor-element elementor-element-013f50b e-flex e-con-boxed e-con e-parent\" data-id=\"013f50b\" data-element_type=\"container\" data-e-type=\"container\" data-settings=\"{&quot;background_background&quot;:&quot;classic&quot;}\">\n\t\t\t\t\t<div class=\"e-con-inner\">\n\t\t\t\t<div class=\"elementor-element elementor-element-4017cdd elementor-widget elementor-widget-shortcode\" data-id=\"4017cdd\" data-element_type=\"widget\" data-e-type=\"widget\" data-widget_type=\"shortcode.default\">\n\t\t\t\t<div class=\"elementor-widget-container\">\n\t\t\t\t\t\t\t<div class=\"elementor-shortcode\"><\/div>\n\t\t\t\t\t\t<\/div>\n\t\t\t\t<\/div>\n\t\t\t\t\t<\/div>\n\t\t\t\t<\/div>\n\t\t<div class=\"elementor-element elementor-element-5784a37 e-flex e-con-boxed e-con e-parent\" data-id=\"5784a37\" data-element_type=\"container\" data-e-type=\"container\">\n\t\t\t\t\t<div class=\"e-con-inner\">\n\t\t\t\t<div class=\"elementor-element elementor-element-bfc1760 elementor-widget elementor-widget-shortcode\" data-id=\"bfc1760\" data-element_type=\"widget\" data-e-type=\"widget\" data-widget_type=\"shortcode.default\">\n\t\t\t\t<div class=\"elementor-widget-container\">\n\t\t\t\t\t\t\t<div class=\"elementor-shortcode\">\t\t<div data-elementor-type=\"wp-post\" data-elementor-id=\"8581\" class=\"elementor elementor-8581\">\n\t\t\t\t\t\t<section class=\"elementor-section elementor-top-section elementor-element elementor-element-728d997 elementor-section-boxed elementor-section-height-default elementor-section-height-default elementor-section-column-vertical-align-stretch\" data-id=\"728d997\" data-element_type=\"section\" data-e-type=\"section\">\n\t\t\t\t\t\t<div class=\"elementor-container elementor-column-gap-no\">\n\t\t\t\t\t<div class=\"elementor-column elementor-col-100 elementor-top-column elementor-element elementor-element-67029a9\" data-id=\"67029a9\" data-element_type=\"column\" data-e-type=\"column\">\n\t\t\t<div class=\"elementor-widget-wrap elementor-element-populated\">\n\t\t\t\t\t\t<div class=\"elementor-element elementor-element-b1c8a0e nuss-view-default elementor-widget elementor-widget-nuss-icon\" data-id=\"b1c8a0e\" data-element_type=\"widget\" data-e-type=\"widget\" data-widget_type=\"nuss-icon.default\">\n\t\t\t\t<div class=\"elementor-widget-container\">\n\t\t\t\t\t\t\t<div class=\"nuss-icon\">\t\t\t\t<div class=\"nuss-icon-wrap\">\r\n\t\t\t<div class=\"nuss-icon-view first\">\r\n\t\t\t\t<div class=\"nuss-icon icon nuss-solid-icon\">\r\n\t\t\t\t\t<svg aria-hidden=\"true\" class=\"e-font-icon-svg e-fab-tripadvisor\" viewBox=\"0 0 576 512\" xmlns=\"http:\/\/www.w3.org\/2000\/svg\"><path d=\"M528.91,178.82,576,127.58H471.66a326.11,326.11,0,0,0-367,0H0l47.09,51.24A143.911,143.911,0,0,0,241.86,390.73L288,440.93l46.11-50.17A143.94,143.94,0,0,0,575.88,285.18h-.03A143.56,143.56,0,0,0,528.91,178.82ZM144.06,382.57a97.39,97.39,0,1,1,97.39-97.39A97.39,97.39,0,0,1,144.06,382.57ZM288,282.37c0-64.09-46.62-119.08-108.09-142.59a281,281,0,0,1,216.17,0C334.61,163.3,288,218.29,288,282.37Zm143.88,100.2h-.01a97.405,97.405,0,1,1,.01,0ZM144.06,234.12h-.01a51.06,51.06,0,1,0,51.06,51.06v-.11A51,51,0,0,0,144.06,234.12Zm287.82,0a51.06,51.06,0,1,0,51.06,51.06A51.06,51.06,0,0,0,431.88,234.12Z\"><\/path><\/svg>\t\t\t\t<\/div>\r\n\t\t\t<\/div>\r\n\r\n\t\t\t\t\t<\/div>\r\n\t\t<\/div>\t\t\t\t\t<\/div>\n\t\t\t\t<\/div>\n\t\t\t\t<div class=\"elementor-element elementor-element-a01f2c1 elementor-widget elementor-widget-nuss-heading\" data-id=\"a01f2c1\" data-element_type=\"widget\" data-e-type=\"widget\" data-widget_type=\"nuss-heading.default\">\n\t\t\t\t<div class=\"elementor-widget-container\">\n\t\t\t\t\t\t\t<div class=\"nuss-modern-heading\">\r\n\t\t\t\r\n\t\t\t\t\t\t<div class=\"heading-primary-wrap\">\r\n\t\t\t\t<h3 class=\"heading-primary elementor-heading-title\">Clien\u021bi ferici\u021bi<\/h3>\t\t\t<\/div>\r\n\t\t\r\n\t\t\t\t\t\t<div class=\"heading-divider-wrap\">\r\n\t\t\t\t<div class=\"heading-divider\" style=\"\"><\/div>\r\n\t\t\t<\/div>\r\n\t\r\n\t\t\t\t\t<\/div>\r\n\t\t\t\t\t<\/div>\n\t\t\t\t<\/div>\n\t\t\t\t<div class=\"elementor-element elementor-element-785ddc0 nuss-testimonial-style-02 align-left layout-image-left nuss-testimonial-cite-layout-block bullets-v-align-below elementor-invisible elementor-widget elementor-widget-nuss-testimonial\" data-id=\"785ddc0\" data-element_type=\"widget\" data-e-type=\"widget\" data-settings=\"{&quot;_animation&quot;:&quot;nussFadeInUp&quot;}\" data-widget_type=\"nuss-testimonial.default\">\n\t\t\t\t<div class=\"elementor-widget-container\">\n\t\t\t\t\t\r\n\t\t<div  class=\"nuss-swiper nuss-slider-widget pagination-style-01 bullets-horizontal bullets-h-align-center bullets-v-align-below\" data-lg-items=\"3\" data-sm-items=\"auto-fixed\" data-lg-gutter=\"60\" data-pagination-aligned-by=\"slider\" data-pagination=\"1\" data-loop=\"1\" data-simulate-touch=\"1\" data-speed=\"1000\" data-autoplay=\"5000\" data-effect=\"slide\">\r\n\t\t\t<div class=\"swiper-inner\">\r\n\r\n\t\t\t\t\r\n\t\t\t\t<div class=\"swiper-container swiper\">\r\n\t\t\t\t\t<div class=\"swiper-wrapper\">\r\n\t\t\t\t\t\t\t\t\t<div class=\"swiper-slide elementor-repeater-item-6e66cb7\">\r\n\t\t\t\t\t\t<div class=\"testimonial-item\">\r\n\r\n\t\t\t\t\t\t\t\t\t\t\r\n\t\t\t\t\t<div class=\"testimonial-main-content\">\r\n\t\t\t<div class=\"content-wrap\">\r\n\t\t\t\t\t\t\t\t\t\t\t\r\n\t\t\r\n\t\t\t\t\t<div class=\"content\">\r\n\t\t\t\t\t\t\t\t\t<h4 class=\"title\">Cea mai bun\u0103 loca\u021bie \u00een Sunny Beach<\/h4>\r\n\t\t\t\t\r\n\t\t\t\t\r\n\t\t\t\t<div class=\"text\">\r\n\t\t\t\t\t&quot; Hotelul Favorit are cea mai bun\u0103 loca\u021bie din Sunny Beach, la doar o scurt\u0103 plimbare p\u00e2n\u0103 la plaj\u0103, aproape de cele mai bune cluburi - La Cubanita, Bedroom \u0219i Cacao, unde se petrece petrecerea. Camere frumoase cu vedere, cel mai bun profit pentru banii t\u0103i. &quot;\t\t\t\t<\/div>\r\n\t\t\t<\/div>\r\n\t\t\r\n\t\t\t\t\t\t\t<div class=\"info\">\r\n\t\t\t\r\n\t\t\t<div class=\"cite\"><div class=\"testimonial-rating\"><span class=\"fa fa-star\"><\/span><span class=\"fa fa-star\"><\/span><span class=\"fa fa-star\"><\/span><span class=\"fa fa-star\"><\/span><span class=\"fa fa-star\"><\/span><\/div><h4 class=\"name\">Peter V<\/h4><span class=\"position\">Trip Advisor<\/span><\/div>\t\t<\/div>\r\n\t\t\t\t\r\n\t\t\t\t\t\t\t\t\t<\/div>\r\n\t\t<\/div>\r\n\t\t\t\t<\/div>\r\n\t\t\t\t\t<\/div>\r\n\t\t\t\t\t<div class=\"swiper-slide elementor-repeater-item-e8e9e9c\">\r\n\t\t\t\t\t\t<div class=\"testimonial-item\">\r\n\r\n\t\t\t\t\t\t\t\t\t\t\r\n\t\t\t\t\t<div class=\"testimonial-main-content\">\r\n\t\t\t<div class=\"content-wrap\">\r\n\t\t\t\t\t\t\t\t\t\t\t\r\n\t\t\r\n\t\t\t\t\t<div class=\"content\">\r\n\t\t\t\t\t\t\t\t\t<h4 class=\"title\">Uimitor<\/h4>\r\n\t\t\t\t\r\n\t\t\t\t\r\n\t\t\t\t<div class=\"text\">\r\n\t\t\t\t\t&quot; Eu \u0219i 2 b\u0103ie\u021bi am plecat \u00een vacan\u021b\u0103 pentru b\u0103ie\u021bi De \u00eendat\u0103 ce am primit reprezentantul nostru de scen\u0103 Thomson, Matt ne a\u0219tepta, a fost genial, nu putea s\u0103-i repro\u0219eze tipului, hotelul a fost grozav, personalul perfect, ignor\u0103 tot ce ai auzit despre aceast\u0103 f\u00e2\u0219ie de hotel. Hotelul binevenit se \u00eentoarce oric\u00e2nd dorim \u0219i ne g\u00e2ndim serios s\u0103 revenim \u00een august! &quot;\t\t\t\t<\/div>\r\n\t\t\t<\/div>\r\n\t\t\r\n\t\t\t\t\t\t\t<div class=\"info\">\r\n\t\t\t\r\n\t\t\t<div class=\"cite\"><div class=\"testimonial-rating\"><span class=\"fa fa-star\"><\/span><span class=\"fa fa-star\"><\/span><span class=\"fa fa-star\"><\/span><span class=\"fa fa-star\"><\/span><span class=\"fa fa-star\"><\/span><\/div><h4 class=\"name\">haighi94<\/h4><span class=\"position\">Trip Advisor<\/span><\/div>\t\t<\/div>\r\n\t\t\t\t\r\n\t\t\t\t\t\t\t\t\t<\/div>\r\n\t\t<\/div>\r\n\t\t\t\t<\/div>\r\n\t\t\t\t\t<\/div>\r\n\t\t\t\t\t<div class=\"swiper-slide elementor-repeater-item-f77ce07\">\r\n\t\t\t\t\t\t<div class=\"testimonial-item\">\r\n\r\n\t\t\t\t\t\t\t\t\t\t\r\n\t\t\t\t\t<div class=\"testimonial-main-content\">\r\n\t\t\t<div class=\"content-wrap\">\r\n\t\t\t\t\t\t\t\t\t\t\t\r\n\t\t\r\n\t\t\t\t\t<div class=\"content\">\r\n\t\t\t\t\t\t\t\t\t<h4 class=\"title\">Prima dat\u0103 \u00een Bulgaria \u0219i nu putea fi mai bine<\/h4>\r\n\t\t\t\t\r\n\t\t\t\t\r\n\t\t\t\t<div class=\"text\">\r\n\t\t\t\t\t&quot; Acest apartament a fost \u00eentr-o loca\u021bie ideal\u0103... Pu\u021bin departe de nebunia din zona principal\u0103 a plajei \u00eensorite.... A fost o c\u0103l\u0103torie de mai pu\u021bin de 10 minute cu autobuzul care a oprit chiar \u00een fa\u021ba hotelului. Este 1LV de persoan\u0103... Care este aproximativ 50p..... Un taxi era 10LV..... Dar autobuzele sunt la fiecare 15 minute, sunt at\u00e2t de ieftine \u0219i sunt doar c\u00e2teva sta\u021bii, a\u0219a c\u0103 a fost o modalitate bun\u0103 de a ajunge acolo, altfel este o plimbare frumoas\u0103, aproximativ 30 de minute. &quot;\t\t\t\t<\/div>\r\n\t\t\t<\/div>\r\n\t\t\r\n\t\t\t\t\t\t\t<div class=\"info\">\r\n\t\t\t\r\n\t\t\t<div class=\"cite\"><div class=\"testimonial-rating\"><span class=\"fa fa-star\"><\/span><span class=\"fa fa-star\"><\/span><span class=\"fa fa-star\"><\/span><span class=\"fa fa-star\"><\/span><span class=\"far fa-star\"><\/span><\/div><h4 class=\"name\">Coodle171180<\/h4><span class=\"position\">Trip Advisor<\/span><\/div>\t\t<\/div>\r\n\t\t\t\t\r\n\t\t\t\t\t\t\t\t\t<\/div>\r\n\t\t<\/div>\r\n\t\t\t\t<\/div>\r\n\t\t\t\t\t<\/div>\r\n\t\t\t\t\t<div class=\"swiper-slide elementor-repeater-item-48a668a\">\r\n\t\t\t\t\t\t<div class=\"testimonial-item\">\r\n\r\n\t\t\t\t\t\t\t\t\t\t\r\n\t\t\t\t\t<div class=\"testimonial-main-content\">\r\n\t\t\t<div class=\"content-wrap\">\r\n\t\t\t\t\t\t\t\t\t\t\t\r\n\t\t\r\n\t\t\t\t\t<div class=\"content\">\r\n\t\t\t\t\t\t\t\t\t<h4 class=\"title\">M-am distrat grozav!<\/h4>\r\n\t\t\t\t\r\n\t\t\t\t\r\n\t\t\t\t<div class=\"text\">\r\n\t\t\t\t\t&quot; Serviciu nereal de bun din partea recep\u021bionistei, ea a fost \u00eentotdeauna politicoas\u0103 \u0219i z\u00e2mbitoare. Admira\u021bii pentru Biso, nu exist\u0103 un muncitor mai bun \u00een familia Favorite. Domnul Terziev a avut mare grij\u0103 de noi \u0219i de prostiile noastre be\u021bive, f\u0103r\u0103 s\u0103 ne d\u0103dea probleme c\u0103 ne jucam cu fiica lui \u0219i ne certam cu Biso la bere \u0219i sup\u0103 la c\u00e2rciuma local\u0103.\nBiso merit\u0103 o promovare \u0219i un respect suplimentar pentru munca pe care o depune \u00een preparatele calde.\n10\/10!!!! &quot;\t\t\t\t<\/div>\r\n\t\t\t<\/div>\r\n\t\t\r\n\t\t\t\t\t\t\t<div class=\"info\">\r\n\t\t\t\r\n\t\t\t<div class=\"cite\"><div class=\"testimonial-rating\"><span class=\"fa fa-star\"><\/span><span class=\"fa fa-star\"><\/span><span class=\"fa fa-star\"><\/span><span class=\"fa fa-star\"><\/span><span class=\"fa fa-star\"><\/span><\/div><h4 class=\"name\">Boris Savov<\/h4><span class=\"position\">C\u0103utare Google<\/span><\/div>\t\t<\/div>\r\n\t\t\t\t\r\n\t\t\t\t\t\t\t\t\t<\/div>\r\n\t\t<\/div>\r\n\t\t\t\t<\/div>\r\n\t\t\t\t\t<\/div>\r\n\t\t\t\t\t<div class=\"swiper-slide elementor-repeater-item-7d82d23\">\r\n\t\t\t\t\t\t<div class=\"testimonial-item\">\r\n\r\n\t\t\t\t\t\t\t\t\t\t\r\n\t\t\t\t\t<div class=\"testimonial-main-content\">\r\n\t\t\t<div class=\"content-wrap\">\r\n\t\t\t\t\t\t\t\t\t\t\t\r\n\t\t\r\n\t\t\t\t\t<div class=\"content\">\r\n\t\t\t\t\t\t\t\t\t<h4 class=\"title\">Potrivit pentru copii<\/h4>\r\n\t\t\t\t\r\n\t\t\t\t\r\n\t\t\t\t<div class=\"text\">\r\n\t\t\t\t\t&quot; M\u00e2ncare bulgar\u0103 tradi\u021bional\u0103 bun\u0103, pe\u0219te delicios, por\u021bii mari, pre\u021b accesibil! &quot;\t\t\t\t<\/div>\r\n\t\t\t<\/div>\r\n\t\t\r\n\t\t\t\t\t\t\t<div class=\"info\">\r\n\t\t\t\r\n\t\t\t<div class=\"cite\"><div class=\"testimonial-rating\"><span class=\"fa fa-star\"><\/span><span class=\"fa fa-star\"><\/span><span class=\"fa fa-star\"><\/span><span class=\"fa fa-star\"><\/span><span class=\"fa fa-star\"><\/span><\/div><h4 class=\"name\">Roxana Turcanu Nemtisor<\/h4><span class=\"position\">C\u0103utare Google<\/span><\/div>\t\t<\/div>\r\n\t\t\t\t\r\n\t\t\t\t\t\t\t\t\t<\/div>\r\n\t\t<\/div>\r\n\t\t\t\t<\/div>\r\n\t\t\t\t\t<\/div>\r\n\t\t\t\t\t<div class=\"swiper-slide elementor-repeater-item-2f03649\">\r\n\t\t\t\t\t\t<div class=\"testimonial-item\">\r\n\r\n\t\t\t\t\t\t\t\t\t\t\r\n\t\t\t\t\t<div class=\"testimonial-main-content\">\r\n\t\t\t<div class=\"content-wrap\">\r\n\t\t\t\t\t\t\t\t\t\t\t\r\n\t\t\r\n\t\t\t\t\t<div class=\"content\">\r\n\t\t\t\t\t\t\t\t\t<h4 class=\"title\">Mi-a pl\u0103cut foarte mult!<\/h4>\r\n\t\t\t\t\r\n\t\t\t\t\r\n\t\t\t\t<div class=\"text\">\r\n\t\t\t\t\t&quot; Mic hotel excelent, curat, \u00eengrijit, piscin\u0103 bun\u0103, terase mari, \u00een general un loc confortabil! &quot;\t\t\t\t<\/div>\r\n\t\t\t<\/div>\r\n\t\t\r\n\t\t\t\t\t\t\t<div class=\"info\">\r\n\t\t\t\r\n\t\t\t<div class=\"cite\"><div class=\"testimonial-rating\"><span class=\"fa fa-star\"><\/span><span class=\"fa fa-star\"><\/span><span class=\"fa fa-star\"><\/span><span class=\"fa fa-star\"><\/span><span class=\"fa fa-star\"><\/span><\/div><h4 class=\"name\">Sanda Stankovic<\/h4><span class=\"position\">C\u0103utare Google<\/span><\/div>\t\t<\/div>\r\n\t\t\t\t\r\n\t\t\t\t\t\t\t\t\t<\/div>\r\n\t\t<\/div>\r\n\t\t\t\t<\/div>\r\n\t\t\t\t\t<\/div>\r\n\t\t\t\t\t\t\t<\/div>\r\n\t\t\t\t<\/div>\r\n\r\n\t\t\t\t\r\n\t\t\t<\/div>\r\n\t\t<\/div>\r\n\t\t\t\t\t\t<\/div>\n\t\t\t\t<\/div>\n\t\t\t\t\t<\/div>\n\t\t<\/div>\n\t\t\t\t\t<\/div>\n\t\t<\/section>\n\t\t\t\t<\/div>\n\t\t<\/div>\n\t\t\t\t\t\t<\/div>\n\t\t\t\t<\/div>\n\t\t\t\t\t<\/div>\n\t\t\t\t<\/div>\n\t\t\t\t<\/div>\n\t\t","protected":false},"excerpt":{"rendered":"<p>Explora Camere \u0219i Apartamente Hotelul nostru ofer\u0103 4 apartamente Deluxe, 4 camere Deluxe, 10 apartamente standard cu un dormitor, apartament standard cu dou\u0103 dormitoare, 4 camere standard \u0219i 3 garsoniere la toate cele 26 de camere de cazare.<\/p>\n","protected":false},"author":1,"featured_media":0,"parent":0,"menu_order":0,"comment_status":"closed","ping_status":"closed","template":"elementor_header_footer","meta":{"footnotes":""},"class_list":["post-8495","page","type-page","status-publish","hentry","post-no-thumbnail"],"yoast_head":"<!-- This site is optimized with the Yoast SEO plugin v27.6 - https:\/\/yoast.com\/product\/yoast-seo-wordpress\/ -->\n<title>Cazare - Hotel Favorit<\/title>\n<meta name=\"description\" content=\"Hotel FAVORIT \u2013 locul perfect pentru vacanta ta in Sunny Beach! Situat\u0103 \u00een inima acestei populare sta\u021biuni de pe coasta bulgar\u0103 a M\u0103rii Negre, re\u0219edin\u021ba noastr\u0103 ofer\u0103 o combina\u021bie de confort, confort \u0219i experien\u021be interesante.\" \/>\n<meta name=\"robots\" content=\"index, follow, max-snippet:-1, max-image-preview:large, max-video-preview:-1\" \/>\n<link rel=\"canonical\" href=\"https:\/\/favorit.bg\/ro\/cazare\/\" \/>\n<meta property=\"og:locale\" content=\"ro_RO\" \/>\n<meta property=\"og:type\" content=\"article\" \/>\n<meta property=\"og:title\" content=\"Cazare - Hotel Favorit\" \/>\n<meta property=\"og:description\" content=\"Hotel FAVORIT \u2013 locul perfect pentru vacanta ta in Sunny Beach! Situat\u0103 \u00een inima acestei populare sta\u021biuni de pe coasta bulgar\u0103 a M\u0103rii Negre, re\u0219edin\u021ba noastr\u0103 ofer\u0103 o combina\u021bie de confort, confort \u0219i experien\u021be interesante.\" \/>\n<meta property=\"og:url\" content=\"https:\/\/favorit.bg\/ro\/cazare\/\" \/>\n<meta property=\"og:site_name\" content=\"Hotel Favorit\" \/>\n<meta property=\"article:publisher\" content=\"https:\/\/www.facebook.com\/sunnybeachfavorit\" \/>\n<meta property=\"article:modified_time\" content=\"2025-05-28T17:56:36+00:00\" \/>\n<meta property=\"og:image\" content=\"https:\/\/favorit.bg\/wp-content\/uploads\/2024\/05\/site-image-bg.jpg\" \/>\n\t<meta property=\"og:image:width\" content=\"1200\" \/>\n\t<meta property=\"og:image:height\" content=\"675\" \/>\n\t<meta property=\"og:image:type\" content=\"image\/jpeg\" \/>\n<meta name=\"twitter:card\" content=\"summary_large_image\" \/>\n<meta name=\"twitter:label1\" content=\"Timp estimat pentru citire\" \/>\n\t<meta name=\"twitter:data1\" content=\"1 minut\" \/>\n<script type=\"application\/ld+json\" class=\"yoast-schema-graph\">{\"@context\":\"https:\\\/\\\/schema.org\",\"@graph\":[{\"@type\":\"WebPage\",\"@id\":\"https:\\\/\\\/favorit.bg\\\/ro\\\/cazare\\\/\",\"url\":\"https:\\\/\\\/favorit.bg\\\/ro\\\/cazare\\\/\",\"name\":\"Cazare - Hotel Favorit\",\"isPartOf\":{\"@id\":\"https:\\\/\\\/favorit.bg\\\/ro\\\/#website\"},\"datePublished\":\"2024-05-10T09:18:32+00:00\",\"dateModified\":\"2025-05-28T17:56:36+00:00\",\"description\":\"Hotel FAVORIT \u2013 locul perfect pentru vacanta ta in Sunny Beach! Situat\u0103 \u00een inima acestei populare sta\u021biuni de pe coasta bulgar\u0103 a M\u0103rii Negre, re\u0219edin\u021ba noastr\u0103 ofer\u0103 o combina\u021bie de confort, confort \u0219i experien\u021be interesante.\",\"breadcrumb\":{\"@id\":\"https:\\\/\\\/favorit.bg\\\/ro\\\/cazare\\\/#breadcrumb\"},\"inLanguage\":\"ro-RO\",\"potentialAction\":[{\"@type\":\"ReadAction\",\"target\":[\"https:\\\/\\\/favorit.bg\\\/ro\\\/cazare\\\/\"]}]},{\"@type\":\"BreadcrumbList\",\"@id\":\"https:\\\/\\\/favorit.bg\\\/ro\\\/cazare\\\/#breadcrumb\",\"itemListElement\":[{\"@type\":\"ListItem\",\"position\":1,\"name\":\"Home\",\"item\":\"https:\\\/\\\/favorit.bg\\\/ro\\\/\"},{\"@type\":\"ListItem\",\"position\":2,\"name\":\"Cazare\"}]},{\"@type\":\"WebSite\",\"@id\":\"https:\\\/\\\/favorit.bg\\\/ro\\\/#website\",\"url\":\"https:\\\/\\\/favorit.bg\\\/ro\\\/\",\"name\":\"Hotel Favorit\",\"description\":\"Hotel Favorit, Sunny Beach, Bulgaria\",\"publisher\":{\"@id\":\"https:\\\/\\\/favorit.bg\\\/ro\\\/#organization\"},\"potentialAction\":[{\"@type\":\"SearchAction\",\"target\":{\"@type\":\"EntryPoint\",\"urlTemplate\":\"https:\\\/\\\/favorit.bg\\\/ro\\\/?s={search_term_string}\"},\"query-input\":{\"@type\":\"PropertyValueSpecification\",\"valueRequired\":true,\"valueName\":\"search_term_string\"}}],\"inLanguage\":\"ro-RO\"},{\"@type\":\"Organization\",\"@id\":\"https:\\\/\\\/favorit.bg\\\/ro\\\/#organization\",\"name\":\"Hotel Favorit\",\"url\":\"https:\\\/\\\/favorit.bg\\\/ro\\\/\",\"logo\":{\"@type\":\"ImageObject\",\"inLanguage\":\"ro-RO\",\"@id\":\"https:\\\/\\\/favorit.bg\\\/ro\\\/#\\\/schema\\\/logo\\\/image\\\/\",\"url\":\"https:\\\/\\\/favorit.bg\\\/wp-content\\\/uploads\\\/2024\\\/05\\\/hotel-favorit-logo.png\",\"contentUrl\":\"https:\\\/\\\/favorit.bg\\\/wp-content\\\/uploads\\\/2024\\\/05\\\/hotel-favorit-logo.png\",\"width\":250,\"height\":108,\"caption\":\"Hotel Favorit\"},\"image\":{\"@id\":\"https:\\\/\\\/favorit.bg\\\/ro\\\/#\\\/schema\\\/logo\\\/image\\\/\"},\"sameAs\":[\"https:\\\/\\\/www.facebook.com\\\/sunnybeachfavorit\"]}]}<\/script>\n<!-- \/ Yoast SEO plugin. -->","yoast_head_json":{"title":"Cazare - Hotel Favorit","description":"Hotel FAVORIT \u2013 locul perfect pentru vacanta ta in Sunny Beach! Situat\u0103 \u00een inima acestei populare sta\u021biuni de pe coasta bulgar\u0103 a M\u0103rii Negre, re\u0219edin\u021ba noastr\u0103 ofer\u0103 o combina\u021bie de confort, confort \u0219i experien\u021be interesante.","robots":{"index":"index","follow":"follow","max-snippet":"max-snippet:-1","max-image-preview":"max-image-preview:large","max-video-preview":"max-video-preview:-1"},"canonical":"https:\/\/favorit.bg\/ro\/cazare\/","og_locale":"ro_RO","og_type":"article","og_title":"Cazare - Hotel Favorit","og_description":"Hotel FAVORIT \u2013 locul perfect pentru vacanta ta in Sunny Beach! Situat\u0103 \u00een inima acestei populare sta\u021biuni de pe coasta bulgar\u0103 a M\u0103rii Negre, re\u0219edin\u021ba noastr\u0103 ofer\u0103 o combina\u021bie de confort, confort \u0219i experien\u021be interesante.","og_url":"https:\/\/favorit.bg\/ro\/cazare\/","og_site_name":"Hotel Favorit","article_publisher":"https:\/\/www.facebook.com\/sunnybeachfavorit","article_modified_time":"2025-05-28T17:56:36+00:00","og_image":[{"width":1200,"height":675,"url":"https:\/\/favorit.bg\/wp-content\/uploads\/2024\/05\/site-image-bg.jpg","type":"image\/jpeg"}],"twitter_card":"summary_large_image","twitter_misc":{"Timp estimat pentru citire":"1 minut"},"schema":{"@context":"https:\/\/schema.org","@graph":[{"@type":"WebPage","@id":"https:\/\/favorit.bg\/ro\/cazare\/","url":"https:\/\/favorit.bg\/ro\/cazare\/","name":"Cazare - Hotel Favorit","isPartOf":{"@id":"https:\/\/favorit.bg\/ro\/#website"},"datePublished":"2024-05-10T09:18:32+00:00","dateModified":"2025-05-28T17:56:36+00:00","description":"Hotel FAVORIT \u2013 locul perfect pentru vacanta ta in Sunny Beach! Situat\u0103 \u00een inima acestei populare sta\u021biuni de pe coasta bulgar\u0103 a M\u0103rii Negre, re\u0219edin\u021ba noastr\u0103 ofer\u0103 o combina\u021bie de confort, confort \u0219i experien\u021be interesante.","breadcrumb":{"@id":"https:\/\/favorit.bg\/ro\/cazare\/#breadcrumb"},"inLanguage":"ro-RO","potentialAction":[{"@type":"ReadAction","target":["https:\/\/favorit.bg\/ro\/cazare\/"]}]},{"@type":"BreadcrumbList","@id":"https:\/\/favorit.bg\/ro\/cazare\/#breadcrumb","itemListElement":[{"@type":"ListItem","position":1,"name":"Home","item":"https:\/\/favorit.bg\/ro\/"},{"@type":"ListItem","position":2,"name":"Cazare"}]},{"@type":"WebSite","@id":"https:\/\/favorit.bg\/ro\/#website","url":"https:\/\/favorit.bg\/ro\/","name":"Hotel Favorit","description":"Hotel Favorit, Sunny Beach, Bulgaria","publisher":{"@id":"https:\/\/favorit.bg\/ro\/#organization"},"potentialAction":[{"@type":"SearchAction","target":{"@type":"EntryPoint","urlTemplate":"https:\/\/favorit.bg\/ro\/?s={search_term_string}"},"query-input":{"@type":"PropertyValueSpecification","valueRequired":true,"valueName":"search_term_string"}}],"inLanguage":"ro-RO"},{"@type":"Organization","@id":"https:\/\/favorit.bg\/ro\/#organization","name":"Hotel Favorit","url":"https:\/\/favorit.bg\/ro\/","logo":{"@type":"ImageObject","inLanguage":"ro-RO","@id":"https:\/\/favorit.bg\/ro\/#\/schema\/logo\/image\/","url":"https:\/\/favorit.bg\/wp-content\/uploads\/2024\/05\/hotel-favorit-logo.png","contentUrl":"https:\/\/favorit.bg\/wp-content\/uploads\/2024\/05\/hotel-favorit-logo.png","width":250,"height":108,"caption":"Hotel Favorit"},"image":{"@id":"https:\/\/favorit.bg\/ro\/#\/schema\/logo\/image\/"},"sameAs":["https:\/\/www.facebook.com\/sunnybeachfavorit"]}]}},"_links":{"self":[{"href":"https:\/\/favorit.bg\/ro\/wp-json\/wp\/v2\/pages\/8495","targetHints":{"allow":["GET"]}}],"collection":[{"href":"https:\/\/favorit.bg\/ro\/wp-json\/wp\/v2\/pages"}],"about":[{"href":"https:\/\/favorit.bg\/ro\/wp-json\/wp\/v2\/types\/page"}],"author":[{"embeddable":true,"href":"https:\/\/favorit.bg\/ro\/wp-json\/wp\/v2\/users\/1"}],"replies":[{"embeddable":true,"href":"https:\/\/favorit.bg\/ro\/wp-json\/wp\/v2\/comments?post=8495"}],"version-history":[{"count":5,"href":"https:\/\/favorit.bg\/ro\/wp-json\/wp\/v2\/pages\/8495\/revisions"}],"predecessor-version":[{"id":8733,"href":"https:\/\/favorit.bg\/ro\/wp-json\/wp\/v2\/pages\/8495\/revisions\/8733"}],"wp:attachment":[{"href":"https:\/\/favorit.bg\/ro\/wp-json\/wp\/v2\/media?parent=8495"}],"curies":[{"name":"wp","href":"https:\/\/api.w.org\/{rel}","templated":true}]}}