{"id":8536,"date":"2024-05-10T19:42:40","date_gmt":"2024-05-10T16:42:40","guid":{"rendered":"https:\/\/favorit.bg\/servicii\/piscina\/"},"modified":"2025-05-28T21:02:31","modified_gmt":"2025-05-28T18:02:31","slug":"piscina","status":"publish","type":"page","link":"https:\/\/favorit.bg\/ro\/servicii\/piscina\/","title":{"rendered":"Piscin\u0103"},"content":{"rendered":"\t\t<div data-elementor-type=\"wp-page\" data-elementor-id=\"8536\" class=\"elementor elementor-8536 elementor-6400\">\n\t\t\t\t\t\t<section class=\"elementor-section elementor-top-section elementor-element elementor-element-a48b772 elementor-section-boxed elementor-section-gap-beside-yes elementor-section-height-default elementor-section-height-default elementor-section-column-vertical-align-stretch\" data-id=\"a48b772\" data-element_type=\"section\" data-e-type=\"section\">\n\t\t\t\t\t\t<div class=\"elementor-container elementor-column-gap-extended\">\n\t\t\t\t\t<div class=\"elementor-column elementor-col-100 elementor-top-column elementor-element elementor-element-6778c87\" data-id=\"6778c87\" data-element_type=\"column\" data-e-type=\"column\">\n\t\t\t<div class=\"elementor-widget-wrap elementor-element-populated\">\n\t\t\t\t\t\t<div class=\"elementor-element elementor-element-3da29d1 elementor-invisible elementor-widget elementor-widget-text-editor\" data-id=\"3da29d1\" data-element_type=\"widget\" data-e-type=\"widget\" data-settings=\"{&quot;_animation&quot;:&quot;nussFadeInUp&quot;}\" data-widget_type=\"text-editor.default\">\n\t\t\t\t<div class=\"elementor-widget-container\">\n\t\t\t\t\t\t\t\t\t<p>Piscina de la Hotel Favorit este locul perfect pentru relaxare \u0219i distrac\u021bie \u00een timpul \u0219ederii dumneavoastr\u0103. Este accesibil oaspe\u021bilor no\u0219tri, oferind momente r\u0103coritoare \u0219i pl\u0103cute pe tot parcursul zilei.<\/p><p>Piscina este curatata zilnic, asigurand o experienta sigura si igienica.<\/p><p>Ve\u021bi g\u0103si \u0219ezlonguri \u0219i umbrele confortabile, oferind confort \u0219i protec\u021bie solar\u0103. \u00cenconjurat de verdea\u021b\u0103, creeaz\u0103 o atmosfer\u0103 pl\u0103cut\u0103 \u0219i lini\u0219tit\u0103, permi\u021b\u00e2ndu-v\u0103 s\u0103 v\u0103 bucura\u021bi de timpul dumneavoastr\u0103 l\u00e2ng\u0103 piscin\u0103 \u00een deplin\u0103 lini\u0219te \u0219i confort.<\/p>\t\t\t\t\t\t\t\t<\/div>\n\t\t\t\t<\/div>\n\t\t\t\t<section class=\"elementor-section elementor-inner-section elementor-element elementor-element-10815f8 elementor-section-boxed elementor-section-gap-beside-yes elementor-section-height-default elementor-section-height-default elementor-section-content-align-center elementor-section-column-vertical-align-stretch\" data-id=\"10815f8\" data-element_type=\"section\" data-e-type=\"section\">\n\t\t\t\t\t\t<div class=\"elementor-container elementor-column-gap-extended\">\n\t\t\t\t\t<div class=\"elementor-column elementor-col-50 elementor-inner-column elementor-element elementor-element-6247f35 elementor-invisible\" data-id=\"6247f35\" data-element_type=\"column\" data-e-type=\"column\" data-settings=\"{&quot;animation&quot;:&quot;nussFadeInUp&quot;}\">\n\t\t\t<div class=\"elementor-widget-wrap elementor-element-populated\">\n\t\t\t\t\t\t<div class=\"elementor-element elementor-element-9611242 elementor-widget elementor-widget-heading\" data-id=\"9611242\" data-element_type=\"widget\" data-e-type=\"widget\" data-widget_type=\"heading.default\">\n\t\t\t\t<div class=\"elementor-widget-container\">\n\t\t\t\t\t<p class=\"elementor-heading-title elementor-size-default\">Date de deschidere<\/p>\t\t\t\t<\/div>\n\t\t\t\t<\/div>\n\t\t\t\t<div class=\"elementor-element elementor-element-3a795de elementor-widget elementor-widget-text-editor\" data-id=\"3a795de\" data-element_type=\"widget\" data-e-type=\"widget\" data-widget_type=\"text-editor.default\">\n\t\t\t\t<div class=\"elementor-widget-container\">\n\t\t\t\t\t\t\t\t\t<p>luni &#8211; duminica<\/p>\t\t\t\t\t\t\t\t<\/div>\n\t\t\t\t<\/div>\n\t\t\t\t\t<\/div>\n\t\t<\/div>\n\t\t\t\t<div class=\"elementor-column elementor-col-50 elementor-inner-column elementor-element elementor-element-91dd87a elementor-invisible\" data-id=\"91dd87a\" data-element_type=\"column\" data-e-type=\"column\" data-settings=\"{&quot;animation&quot;:&quot;nussFadeInUp&quot;}\">\n\t\t\t<div class=\"elementor-widget-wrap elementor-element-populated\">\n\t\t\t\t\t\t<div class=\"elementor-element elementor-element-4cb82a5 elementor-widget elementor-widget-heading\" data-id=\"4cb82a5\" data-element_type=\"widget\" data-e-type=\"widget\" data-widget_type=\"heading.default\">\n\t\t\t\t<div class=\"elementor-widget-container\">\n\t\t\t\t\t<p class=\"elementor-heading-title elementor-size-default\">Orele de deschidere<\/p>\t\t\t\t<\/div>\n\t\t\t\t<\/div>\n\t\t\t\t<div class=\"elementor-element elementor-element-6cbd3e4 elementor-widget elementor-widget-text-editor\" data-id=\"6cbd3e4\" data-element_type=\"widget\" data-e-type=\"widget\" data-widget_type=\"text-editor.default\">\n\t\t\t\t<div class=\"elementor-widget-container\">\n\t\t\t\t\t\t\t\t\t<p>07:00 &#8211; 19:00<\/p>\t\t\t\t\t\t\t\t<\/div>\n\t\t\t\t<\/div>\n\t\t\t\t\t<\/div>\n\t\t<\/div>\n\t\t\t\t\t<\/div>\n\t\t<\/section>\n\t\t\t\t\t<\/div>\n\t\t<\/div>\n\t\t\t\t\t<\/div>\n\t\t<\/section>\n\t\t\t\t<section class=\"elementor-section elementor-top-section elementor-element elementor-element-949509a elementor-section-boxed elementor-section-gap-beside-yes elementor-section-height-default elementor-section-height-default elementor-section-column-vertical-align-stretch\" data-id=\"949509a\" data-element_type=\"section\" data-e-type=\"section\">\n\t\t\t\t\t\t<div class=\"elementor-container elementor-column-gap-extended\">\n\t\t\t\t\t<div class=\"elementor-column elementor-col-100 elementor-top-column elementor-element elementor-element-a6a24d2\" data-id=\"a6a24d2\" data-element_type=\"column\" data-e-type=\"column\">\n\t\t\t<div class=\"elementor-widget-wrap elementor-element-populated\">\n\t\t\t\t\t\t<div class=\"elementor-element elementor-element-c99b0f3 bullets-v-align-below elementor-invisible nuss-elementor-loading nuss-slide-in-up elementor-widget elementor-widget-nuss-image-carousel\" data-id=\"c99b0f3\" data-element_type=\"widget\" data-e-type=\"widget\" data-settings=\"{&quot;_animation&quot;:&quot;nussSlideInUp&quot;}\" data-widget_type=\"nuss-image-carousel.default\">\n\t\t\t\t<div class=\"elementor-widget-container\">\n\t\t\t\t\t\r\n\t\t<div  class=\"nuss-swiper nuss-slider-widget nav-style-03 pagination-style-01 bullets-horizontal bullets-h-align-center bullets-v-align-below\" data-lg-items=\"1\" data-lg-gutter=\"30\" data-nav=\"1\" data-nav-aligned-by=\"slider\" data-pagination-aligned-by=\"slider\" data-pagination=\"1\" data-loop=\"1\" data-simulate-touch=\"1\" data-speed=\"1000\" data-effect=\"slide\">\r\n\t\t\t<div class=\"swiper-inner\">\r\n\r\n\t\t\t\t\r\n\t\t\t\t<div class=\"swiper-container swiper\">\r\n\t\t\t\t\t<div class=\"swiper-wrapper\">\r\n\t\t\t\t\t\t\t\t\t<div class=\"swiper-slide\">\r\n\t\t\t\t<div class=\"image\">\r\n\t\t\t\t\t<img decoding=\"async\"  src=\"https:\/\/favorit.bg\/wp-content\/uploads\/2024\/05\/hotel-favorit-pool1-1.jpg\" alt=\"hotel-favorit-pool1\" \/>\t\t\t\t<\/div>\r\n\t\t\t<\/div>\r\n\t\t\t\t\t\t<div class=\"swiper-slide\">\r\n\t\t\t\t<div class=\"image\">\r\n\t\t\t\t\t<img decoding=\"async\"  src=\"https:\/\/favorit.bg\/wp-content\/uploads\/2024\/05\/hotel-favorit-pool2-1.jpg\" alt=\"hotel-favorit-pool2\" \/>\t\t\t\t<\/div>\r\n\t\t\t<\/div>\r\n\t\t\t\t\t\t<div class=\"swiper-slide\">\r\n\t\t\t\t<div class=\"image\">\r\n\t\t\t\t\t<img decoding=\"async\"  src=\"https:\/\/favorit.bg\/wp-content\/uploads\/2024\/05\/hotel-favorit-pool3-1.jpg\" alt=\"hotel-favorit-pool3\" \/>\t\t\t\t<\/div>\r\n\t\t\t<\/div>\r\n\t\t\t\t\t\t\t\t<\/div>\r\n\t\t\t\t<\/div>\r\n\r\n\t\t\t\t\r\n\t\t\t<\/div>\r\n\t\t<\/div>\r\n\t\t\t\t\t\t<\/div>\n\t\t\t\t<\/div>\n\t\t\t\t\t<\/div>\n\t\t<\/div>\n\t\t\t\t\t<\/div>\n\t\t<\/section>\n\t\t<div class=\"elementor-element elementor-element-d327c18 e-flex e-con-boxed e-con e-parent\" data-id=\"d327c18\" data-element_type=\"container\" data-e-type=\"container\">\n\t\t\t\t\t<div class=\"e-con-inner\">\n\t\t\t\t<div class=\"elementor-element elementor-element-4a7945d elementor-invisible elementor-widget elementor-widget-nuss-heading\" data-id=\"4a7945d\" data-element_type=\"widget\" data-e-type=\"widget\" data-settings=\"{&quot;_animation&quot;:&quot;nussFadeInUp&quot;}\" data-widget_type=\"nuss-heading.default\">\n\t\t\t\t<div class=\"elementor-widget-container\">\n\t\t\t\t\t\t\t<div class=\"nuss-modern-heading\">\r\n\t\t\t\t\t\t<div class=\"heading-secondary-wrap\">\r\n\t\t\t\t<span class=\"heading-secondary elementor-heading-title\">Serviciile noastre<\/span>\t\t\t<\/div>\r\n\t\t\r\n\t\t\t\t\t\t<div class=\"heading-primary-wrap\">\r\n\t\t\t\t<h3 class=\"heading-primary elementor-heading-title\">Pentru c\u0103 extrasele conteaz\u0103<\/h3>\t\t\t<\/div>\r\n\t\t\r\n\t\t\t\r\n\t\t\t\t\t<\/div>\r\n\t\t\t\t\t<\/div>\n\t\t\t\t<\/div>\n\t\t\t\t<div class=\"elementor-element elementor-element-3d28c3f elementor-widget__width-inherit elementor-widget elementor-widget-shortcode\" data-id=\"3d28c3f\" data-element_type=\"widget\" data-e-type=\"widget\" data-widget_type=\"shortcode.default\">\n\t\t\t\t<div class=\"elementor-widget-container\">\n\t\t\t\t\t\t\t<div class=\"elementor-shortcode\">\t\t<div data-elementor-type=\"wp-post\" data-elementor-id=\"8593\" class=\"elementor elementor-8593\">\n\t\t\t\t<div class=\"elementor-element elementor-element-d36e5b4 e-grid e-con-boxed e-con e-child\" data-id=\"d36e5b4\" data-element_type=\"container\" data-e-type=\"container\">\n\t\t\t\t\t<div class=\"e-con-inner\">\n\t\t\t\t<div class=\"elementor-element elementor-element-f40e283 nuss-animation-move-up elementor-widget elementor-widget-nuss-image-box\" data-id=\"f40e283\" data-element_type=\"widget\" data-e-type=\"widget\" data-widget_type=\"nuss-image-box.default\">\n\t\t\t\t<div class=\"elementor-widget-container\">\n\t\t\t\t\t\t\t<a class=\"nuss-image-box nuss-box style-02 image-position-top content-alignment- link-secret\" href=\"https:\/\/favorit.bg\/ro\/servicii\/restaurant\/\">\t\t<div class=\"content-wrap\">\r\n\r\n\t\t\t\t\t\t\t<div class=\"nuss-image image\">\r\n\t\t\t\t\t<img decoding=\"async\"  src=\"https:\/\/favorit.bg\/wp-content\/uploads\/2024\/05\/services-restaurant.png\" alt=\"services-restaurant\" \/>\t\t\t\t<\/div>\r\n\t\t\t\r\n\t\t\t<div class=\"content\">\r\n\t\t\t\t<h2 class=\"title\">Restaurant<\/h2>\r\n\t\t\t\t\t\t<div class=\"description\">\r\n\t\t\t10:00 - 22:00\t\t<\/div>\r\n\t\t\r\n\t\t\t\t\t\t\t<\/div>\r\n\r\n\t\t<\/div>\r\n\t\t<\/a>\t\t\t\t\t\t<\/div>\n\t\t\t\t<\/div>\n\t\t\t\t<div class=\"elementor-element elementor-element-6454d1e nuss-animation-move-up elementor-widget elementor-widget-nuss-image-box\" data-id=\"6454d1e\" data-element_type=\"widget\" data-e-type=\"widget\" data-widget_type=\"nuss-image-box.default\">\n\t\t\t\t<div class=\"elementor-widget-container\">\n\t\t\t\t\t\t\t<a class=\"nuss-image-box nuss-box style-02 image-position-top content-alignment- link-secret\" href=\"https:\/\/favorit.bg\/ro\/servicii\/bar\/\">\t\t<div class=\"content-wrap\">\r\n\r\n\t\t\t\t\t\t\t<div class=\"nuss-image image\">\r\n\t\t\t\t\t<img decoding=\"async\"  src=\"https:\/\/favorit.bg\/wp-content\/uploads\/2024\/05\/services-bar.png\" alt=\"services-bar\" \/>\t\t\t\t<\/div>\r\n\t\t\t\r\n\t\t\t<div class=\"content\">\r\n\t\t\t\t<h2 class=\"title\">Bar<\/h2>\r\n\t\t\t\t\t\t<div class=\"description\">\r\n\t\t\t08:00 - 24:00\t\t<\/div>\r\n\t\t\r\n\t\t\t\t\t\t\t<\/div>\r\n\r\n\t\t<\/div>\r\n\t\t<\/a>\t\t\t\t\t\t<\/div>\n\t\t\t\t<\/div>\n\t\t\t\t<div class=\"elementor-element elementor-element-9a7531d nuss-animation-move-up elementor-widget elementor-widget-nuss-image-box\" data-id=\"9a7531d\" data-element_type=\"widget\" data-e-type=\"widget\" data-widget_type=\"nuss-image-box.default\">\n\t\t\t\t<div class=\"elementor-widget-container\">\n\t\t\t\t\t\t\t<a class=\"nuss-image-box nuss-box style-02 image-position-top content-alignment- link-secret\" href=\"https:\/\/favorit.bg\/ro\/servicii\/fast-food\/\">\t\t<div class=\"content-wrap\">\r\n\r\n\t\t\t\t\t\t\t<div class=\"nuss-image image\">\r\n\t\t\t\t\t<img decoding=\"async\"  src=\"https:\/\/favorit.bg\/wp-content\/uploads\/2024\/05\/services-fast-food.png\" alt=\"services-fast-food\" \/>\t\t\t\t<\/div>\r\n\t\t\t\r\n\t\t\t<div class=\"content\">\r\n\t\t\t\t<h2 class=\"title\">Fast Food<\/h2>\r\n\t\t\t\t\t\t<div class=\"description\">\r\n\t\t\t00:00 - 24:00\t\t<\/div>\r\n\t\t\r\n\t\t\t\t\t\t\t<\/div>\r\n\r\n\t\t<\/div>\r\n\t\t<\/a>\t\t\t\t\t\t<\/div>\n\t\t\t\t<\/div>\n\t\t\t\t<div class=\"elementor-element elementor-element-206a1d2 nuss-animation-move-up elementor-widget elementor-widget-nuss-image-box\" data-id=\"206a1d2\" data-element_type=\"widget\" data-e-type=\"widget\" data-widget_type=\"nuss-image-box.default\">\n\t\t\t\t<div class=\"elementor-widget-container\">\n\t\t\t\t\t\t\t<a class=\"nuss-image-box nuss-box style-02 image-position-top content-alignment- link-secret\" href=\"https:\/\/favorit.bg\/ro\/servicii\/piscina\/\">\t\t<div class=\"content-wrap\">\r\n\r\n\t\t\t\t\t\t\t<div class=\"nuss-image image\">\r\n\t\t\t\t\t<img decoding=\"async\"  src=\"https:\/\/favorit.bg\/wp-content\/uploads\/2024\/05\/services-swimming-pool.png\" alt=\"swimming pool\" \/>\t\t\t\t<\/div>\r\n\t\t\t\r\n\t\t\t<div class=\"content\">\r\n\t\t\t\t<h2 class=\"title\"> Piscin\u0103<\/h2>\r\n\t\t\t\t\t\t<div class=\"description\">\r\n\t\t\t07:00 - 19:00\t\t<\/div>\r\n\t\t\r\n\t\t\t\t\t\t\t<\/div>\r\n\r\n\t\t<\/div>\r\n\t\t<\/a>\t\t\t\t\t\t<\/div>\n\t\t\t\t<\/div>\n\t\t\t\t<div class=\"elementor-element elementor-element-886900b nuss-animation-move-up elementor-widget elementor-widget-nuss-image-box\" data-id=\"886900b\" data-element_type=\"widget\" data-e-type=\"widget\" data-widget_type=\"nuss-image-box.default\">\n\t\t\t\t<div class=\"elementor-widget-container\">\n\t\t\t\t\t\t\t<a class=\"nuss-image-box nuss-box style-02 image-position-top content-alignment- link-secret\" href=\"https:\/\/favorit.bg\/ro\/servicii\/supermarket\/\">\t\t<div class=\"content-wrap\">\r\n\r\n\t\t\t\t\t\t\t<div class=\"nuss-image image\">\r\n\t\t\t\t\t<img decoding=\"async\"  src=\"https:\/\/favorit.bg\/wp-content\/uploads\/2024\/05\/services-supermarket.png\" alt=\"services-supermarket\" \/>\t\t\t\t<\/div>\r\n\t\t\t\r\n\t\t\t<div class=\"content\">\r\n\t\t\t\t<h2 class=\"title\">Super Market<\/h2>\r\n\t\t\t\t\t\t<div class=\"description\">\r\n\t\t\t00:00 - 24:00\t\t<\/div>\r\n\t\t\r\n\t\t\t\t\t\t\t<\/div>\r\n\r\n\t\t<\/div>\r\n\t\t<\/a>\t\t\t\t\t\t<\/div>\n\t\t\t\t<\/div>\n\t\t\t\t<div class=\"elementor-element elementor-element-3146b6a nuss-animation-move-up elementor-widget elementor-widget-nuss-image-box\" data-id=\"3146b6a\" data-element_type=\"widget\" data-e-type=\"widget\" data-widget_type=\"nuss-image-box.default\">\n\t\t\t\t<div class=\"elementor-widget-container\">\n\t\t\t\t\t\t\t<div class=\"nuss-image-box nuss-box style-02 image-position-top content-alignment-\">\t\t<div class=\"content-wrap\">\r\n\r\n\t\t\t\t\t\t\t<div class=\"nuss-image image\">\r\n\t\t\t\t\t<img decoding=\"async\"  src=\"https:\/\/favorit.bg\/wp-content\/uploads\/2024\/05\/services-parking.png\" alt=\"services-parking\" \/>\t\t\t\t<\/div>\r\n\t\t\t\r\n\t\t\t<div class=\"content\">\r\n\t\t\t\t<h2 class=\"title\">parking<\/h2>\r\n\t\t\t\t\t\t<div class=\"description\">\r\n\t\t\tGRATUIT\t\t<\/div>\r\n\t\t\r\n\t\t\t\t\t\t\t<\/div>\r\n\r\n\t\t<\/div>\r\n\t\t<\/div>\t\t\t\t\t\t<\/div>\n\t\t\t\t<\/div>\n\t\t\t\t\t<\/div>\n\t\t\t\t<\/div>\n\t\t<div class=\"elementor-element elementor-element-2535389 e-con-full e-flex e-con e-child\" data-id=\"2535389\" data-element_type=\"container\" data-e-type=\"container\">\n\t\t\t\t<div class=\"elementor-element elementor-element-5e61380 elementor-widget elementor-widget-heading\" data-id=\"5e61380\" data-element_type=\"widget\" data-e-type=\"widget\" data-widget_type=\"heading.default\">\n\t\t\t\t<div class=\"elementor-widget-container\">\n\t\t\t\t\t<div class=\"elementor-heading-title elementor-size-default\">F\u0103r\u0103 taxe de hotel - WiFi gratuit - Parcare gratuit\u0103<\/div>\t\t\t\t<\/div>\n\t\t\t\t<\/div>\n\t\t\t\t<\/div>\n\t\t\t\t<\/div>\n\t\t<\/div>\n\t\t\t\t\t\t<\/div>\n\t\t\t\t<\/div>\n\t\t\t\t\t<\/div>\n\t\t\t\t<\/div>\n\t\t\t\t<\/div>\n\t\t","protected":false},"excerpt":{"rendered":"<p>Piscina de la Hotel Favorit este locul perfect pentru relaxare \u0219i distrac\u021bie \u00een timpul \u0219ederii dumneavoastr\u0103. Este accesibil oaspe\u021bilor no\u0219tri, oferind momente r\u0103coritoare \u0219i pl\u0103cute pe tot parcursul zilei. Piscina este curatata zilnic, asigurand o experienta sigura si igienica. Ve\u021bi g\u0103si \u0219ezlonguri \u0219i umbrele confortabile, oferind confort \u0219i protec\u021bie solar\u0103. \u00cenconjurat de verdea\u021b\u0103, creeaz\u0103 o [&hellip;]<\/p>\n","protected":false},"author":1,"featured_media":0,"parent":8527,"menu_order":20,"comment_status":"closed","ping_status":"closed","template":"elementor_header_footer","meta":{"footnotes":""},"class_list":["post-8536","page","type-page","status-publish","hentry","post-no-thumbnail"],"yoast_head":"<!-- This site is optimized with the Yoast SEO plugin v27.3 - https:\/\/yoast.com\/product\/yoast-seo-wordpress\/ -->\n<title>Piscin\u0103 - Hotel Favorit<\/title>\n<meta name=\"description\" content=\"Hotel FAVORIT \u2013 locul perfect pentru vacanta ta in Sunny Beach! Situat\u0103 \u00een inima acestei populare sta\u021biuni de pe coasta bulgar\u0103 a M\u0103rii Negre.\" \/>\n<meta name=\"robots\" content=\"index, follow, max-snippet:-1, max-image-preview:large, max-video-preview:-1\" \/>\n<link rel=\"canonical\" href=\"https:\/\/favorit.bg\/ro\/servicii\/piscina\/\" \/>\n<meta property=\"og:locale\" content=\"ro_RO\" \/>\n<meta property=\"og:type\" content=\"article\" \/>\n<meta property=\"og:title\" content=\"Piscin\u0103 - Hotel Favorit\" \/>\n<meta property=\"og:description\" content=\"Hotel FAVORIT \u2013 locul perfect pentru vacanta ta in Sunny Beach! Situat\u0103 \u00een inima acestei populare sta\u021biuni de pe coasta bulgar\u0103 a M\u0103rii Negre.\" \/>\n<meta property=\"og:url\" content=\"https:\/\/favorit.bg\/ro\/servicii\/piscina\/\" \/>\n<meta property=\"og:site_name\" content=\"Hotel Favorit\" \/>\n<meta property=\"article:publisher\" content=\"https:\/\/www.facebook.com\/sunnybeachfavorit\" \/>\n<meta property=\"article:modified_time\" content=\"2025-05-28T18:02:31+00:00\" \/>\n<meta property=\"og:image\" content=\"https:\/\/favorit.bg\/wp-content\/uploads\/2024\/05\/hotel-favorit-pool1-1.jpg\" \/>\n<meta name=\"twitter:card\" content=\"summary_large_image\" \/>\n<meta name=\"twitter:label1\" content=\"Timp estimat pentru citire\" \/>\n\t<meta name=\"twitter:data1\" content=\"1 minut\" \/>\n<script type=\"application\/ld+json\" class=\"yoast-schema-graph\">{\"@context\":\"https:\\\/\\\/schema.org\",\"@graph\":[{\"@type\":\"WebPage\",\"@id\":\"https:\\\/\\\/favorit.bg\\\/ro\\\/servicii\\\/piscina\\\/\",\"url\":\"https:\\\/\\\/favorit.bg\\\/ro\\\/servicii\\\/piscina\\\/\",\"name\":\"Piscin\u0103 - Hotel Favorit\",\"isPartOf\":{\"@id\":\"https:\\\/\\\/favorit.bg\\\/ro\\\/#website\"},\"primaryImageOfPage\":{\"@id\":\"https:\\\/\\\/favorit.bg\\\/ro\\\/servicii\\\/piscina\\\/#primaryimage\"},\"image\":{\"@id\":\"https:\\\/\\\/favorit.bg\\\/ro\\\/servicii\\\/piscina\\\/#primaryimage\"},\"thumbnailUrl\":\"https:\\\/\\\/favorit.bg\\\/wp-content\\\/uploads\\\/2024\\\/05\\\/hotel-favorit-pool1-1.jpg\",\"datePublished\":\"2024-05-10T16:42:40+00:00\",\"dateModified\":\"2025-05-28T18:02:31+00:00\",\"description\":\"Hotel FAVORIT \u2013 locul perfect pentru vacanta ta in Sunny Beach! Situat\u0103 \u00een inima acestei populare sta\u021biuni de pe coasta bulgar\u0103 a M\u0103rii Negre.\",\"breadcrumb\":{\"@id\":\"https:\\\/\\\/favorit.bg\\\/ro\\\/servicii\\\/piscina\\\/#breadcrumb\"},\"inLanguage\":\"ro-RO\",\"potentialAction\":[{\"@type\":\"ReadAction\",\"target\":[\"https:\\\/\\\/favorit.bg\\\/ro\\\/servicii\\\/piscina\\\/\"]}]},{\"@type\":\"ImageObject\",\"inLanguage\":\"ro-RO\",\"@id\":\"https:\\\/\\\/favorit.bg\\\/ro\\\/servicii\\\/piscina\\\/#primaryimage\",\"url\":\"https:\\\/\\\/favorit.bg\\\/wp-content\\\/uploads\\\/2024\\\/05\\\/hotel-favorit-pool1-1.jpg\",\"contentUrl\":\"https:\\\/\\\/favorit.bg\\\/wp-content\\\/uploads\\\/2024\\\/05\\\/hotel-favorit-pool1-1.jpg\"},{\"@type\":\"BreadcrumbList\",\"@id\":\"https:\\\/\\\/favorit.bg\\\/ro\\\/servicii\\\/piscina\\\/#breadcrumb\",\"itemListElement\":[{\"@type\":\"ListItem\",\"position\":1,\"name\":\"Home\",\"item\":\"https:\\\/\\\/favorit.bg\\\/ro\\\/\"},{\"@type\":\"ListItem\",\"position\":2,\"name\":\"Servicii\",\"item\":\"https:\\\/\\\/favorit.bg\\\/ro\\\/servicii\\\/\"},{\"@type\":\"ListItem\",\"position\":3,\"name\":\"Piscin\u0103\"}]},{\"@type\":\"WebSite\",\"@id\":\"https:\\\/\\\/favorit.bg\\\/ro\\\/#website\",\"url\":\"https:\\\/\\\/favorit.bg\\\/ro\\\/\",\"name\":\"Hotel Favorit\",\"description\":\"Hotel Favorit, Sunny Beach, Bulgaria\",\"publisher\":{\"@id\":\"https:\\\/\\\/favorit.bg\\\/ro\\\/#organization\"},\"potentialAction\":[{\"@type\":\"SearchAction\",\"target\":{\"@type\":\"EntryPoint\",\"urlTemplate\":\"https:\\\/\\\/favorit.bg\\\/ro\\\/?s={search_term_string}\"},\"query-input\":{\"@type\":\"PropertyValueSpecification\",\"valueRequired\":true,\"valueName\":\"search_term_string\"}}],\"inLanguage\":\"ro-RO\"},{\"@type\":\"Organization\",\"@id\":\"https:\\\/\\\/favorit.bg\\\/ro\\\/#organization\",\"name\":\"Hotel Favorit\",\"url\":\"https:\\\/\\\/favorit.bg\\\/ro\\\/\",\"logo\":{\"@type\":\"ImageObject\",\"inLanguage\":\"ro-RO\",\"@id\":\"https:\\\/\\\/favorit.bg\\\/ro\\\/#\\\/schema\\\/logo\\\/image\\\/\",\"url\":\"https:\\\/\\\/favorit.bg\\\/wp-content\\\/uploads\\\/2024\\\/05\\\/hotel-favorit-logo.png\",\"contentUrl\":\"https:\\\/\\\/favorit.bg\\\/wp-content\\\/uploads\\\/2024\\\/05\\\/hotel-favorit-logo.png\",\"width\":250,\"height\":108,\"caption\":\"Hotel Favorit\"},\"image\":{\"@id\":\"https:\\\/\\\/favorit.bg\\\/ro\\\/#\\\/schema\\\/logo\\\/image\\\/\"},\"sameAs\":[\"https:\\\/\\\/www.facebook.com\\\/sunnybeachfavorit\"]}]}<\/script>\n<!-- \/ Yoast SEO plugin. -->","yoast_head_json":{"title":"Piscin\u0103 - Hotel Favorit","description":"Hotel FAVORIT \u2013 locul perfect pentru vacanta ta in Sunny Beach! Situat\u0103 \u00een inima acestei populare sta\u021biuni de pe coasta bulgar\u0103 a M\u0103rii Negre.","robots":{"index":"index","follow":"follow","max-snippet":"max-snippet:-1","max-image-preview":"max-image-preview:large","max-video-preview":"max-video-preview:-1"},"canonical":"https:\/\/favorit.bg\/ro\/servicii\/piscina\/","og_locale":"ro_RO","og_type":"article","og_title":"Piscin\u0103 - Hotel Favorit","og_description":"Hotel FAVORIT \u2013 locul perfect pentru vacanta ta in Sunny Beach! Situat\u0103 \u00een inima acestei populare sta\u021biuni de pe coasta bulgar\u0103 a M\u0103rii Negre.","og_url":"https:\/\/favorit.bg\/ro\/servicii\/piscina\/","og_site_name":"Hotel Favorit","article_publisher":"https:\/\/www.facebook.com\/sunnybeachfavorit","article_modified_time":"2025-05-28T18:02:31+00:00","og_image":[{"url":"https:\/\/favorit.bg\/wp-content\/uploads\/2024\/05\/hotel-favorit-pool1-1.jpg","type":"","width":"","height":""}],"twitter_card":"summary_large_image","twitter_misc":{"Timp estimat pentru citire":"1 minut"},"schema":{"@context":"https:\/\/schema.org","@graph":[{"@type":"WebPage","@id":"https:\/\/favorit.bg\/ro\/servicii\/piscina\/","url":"https:\/\/favorit.bg\/ro\/servicii\/piscina\/","name":"Piscin\u0103 - Hotel Favorit","isPartOf":{"@id":"https:\/\/favorit.bg\/ro\/#website"},"primaryImageOfPage":{"@id":"https:\/\/favorit.bg\/ro\/servicii\/piscina\/#primaryimage"},"image":{"@id":"https:\/\/favorit.bg\/ro\/servicii\/piscina\/#primaryimage"},"thumbnailUrl":"https:\/\/favorit.bg\/wp-content\/uploads\/2024\/05\/hotel-favorit-pool1-1.jpg","datePublished":"2024-05-10T16:42:40+00:00","dateModified":"2025-05-28T18:02:31+00:00","description":"Hotel FAVORIT \u2013 locul perfect pentru vacanta ta in Sunny Beach! Situat\u0103 \u00een inima acestei populare sta\u021biuni de pe coasta bulgar\u0103 a M\u0103rii Negre.","breadcrumb":{"@id":"https:\/\/favorit.bg\/ro\/servicii\/piscina\/#breadcrumb"},"inLanguage":"ro-RO","potentialAction":[{"@type":"ReadAction","target":["https:\/\/favorit.bg\/ro\/servicii\/piscina\/"]}]},{"@type":"ImageObject","inLanguage":"ro-RO","@id":"https:\/\/favorit.bg\/ro\/servicii\/piscina\/#primaryimage","url":"https:\/\/favorit.bg\/wp-content\/uploads\/2024\/05\/hotel-favorit-pool1-1.jpg","contentUrl":"https:\/\/favorit.bg\/wp-content\/uploads\/2024\/05\/hotel-favorit-pool1-1.jpg"},{"@type":"BreadcrumbList","@id":"https:\/\/favorit.bg\/ro\/servicii\/piscina\/#breadcrumb","itemListElement":[{"@type":"ListItem","position":1,"name":"Home","item":"https:\/\/favorit.bg\/ro\/"},{"@type":"ListItem","position":2,"name":"Servicii","item":"https:\/\/favorit.bg\/ro\/servicii\/"},{"@type":"ListItem","position":3,"name":"Piscin\u0103"}]},{"@type":"WebSite","@id":"https:\/\/favorit.bg\/ro\/#website","url":"https:\/\/favorit.bg\/ro\/","name":"Hotel Favorit","description":"Hotel Favorit, Sunny Beach, Bulgaria","publisher":{"@id":"https:\/\/favorit.bg\/ro\/#organization"},"potentialAction":[{"@type":"SearchAction","target":{"@type":"EntryPoint","urlTemplate":"https:\/\/favorit.bg\/ro\/?s={search_term_string}"},"query-input":{"@type":"PropertyValueSpecification","valueRequired":true,"valueName":"search_term_string"}}],"inLanguage":"ro-RO"},{"@type":"Organization","@id":"https:\/\/favorit.bg\/ro\/#organization","name":"Hotel Favorit","url":"https:\/\/favorit.bg\/ro\/","logo":{"@type":"ImageObject","inLanguage":"ro-RO","@id":"https:\/\/favorit.bg\/ro\/#\/schema\/logo\/image\/","url":"https:\/\/favorit.bg\/wp-content\/uploads\/2024\/05\/hotel-favorit-logo.png","contentUrl":"https:\/\/favorit.bg\/wp-content\/uploads\/2024\/05\/hotel-favorit-logo.png","width":250,"height":108,"caption":"Hotel Favorit"},"image":{"@id":"https:\/\/favorit.bg\/ro\/#\/schema\/logo\/image\/"},"sameAs":["https:\/\/www.facebook.com\/sunnybeachfavorit"]}]}},"_links":{"self":[{"href":"https:\/\/favorit.bg\/ro\/wp-json\/wp\/v2\/pages\/8536","targetHints":{"allow":["GET"]}}],"collection":[{"href":"https:\/\/favorit.bg\/ro\/wp-json\/wp\/v2\/pages"}],"about":[{"href":"https:\/\/favorit.bg\/ro\/wp-json\/wp\/v2\/types\/page"}],"author":[{"embeddable":true,"href":"https:\/\/favorit.bg\/ro\/wp-json\/wp\/v2\/users\/1"}],"replies":[{"embeddable":true,"href":"https:\/\/favorit.bg\/ro\/wp-json\/wp\/v2\/comments?post=8536"}],"version-history":[{"count":4,"href":"https:\/\/favorit.bg\/ro\/wp-json\/wp\/v2\/pages\/8536\/revisions"}],"predecessor-version":[{"id":8791,"href":"https:\/\/favorit.bg\/ro\/wp-json\/wp\/v2\/pages\/8536\/revisions\/8791"}],"up":[{"embeddable":true,"href":"https:\/\/favorit.bg\/ro\/wp-json\/wp\/v2\/pages\/8527"}],"wp:attachment":[{"href":"https:\/\/favorit.bg\/ro\/wp-json\/wp\/v2\/media?parent=8536"}],"curies":[{"name":"wp","href":"https:\/\/api.w.org\/{rel}","templated":true}]}}